{"id":716,"date":"2023-08-18T09:58:42","date_gmt":"2023-08-18T07:58:42","guid":{"rendered":"https:\/\/www.philagplr12.fr\/?page_id=716"},"modified":"2023-08-18T09:58:45","modified_gmt":"2023-08-18T07:58:45","slug":"die-gruppierung","status":"publish","type":"page","link":"https:\/\/www.gplr-12.fr\/index.php\/die-gruppierung\/","title":{"rendered":"Die Gruppierung"},"content":{"rendered":"\n<div class=\"wp-block-media-text is-stacked-on-mobile\" style=\"grid-template-columns:36\nuto\"><figure class=\"wp-block-media-text__media\"><img loading=\"lazy\" decoding=\"async\" width=\"326\" height=\"326\" src=\"https:\/\/www.sumi0061.odns.fr\/wp-content\/uploads\/2023\/08\/logo-GPLR-1-2.jpg\" alt=\"\" class=\"wp-image-717 size-full\" srcset=\"https:\/\/www.gplr-12.fr\/wp-content\/uploads\/2023\/08\/logo-GPLR-1-2.jpg 326w, https:\/\/www.gplr-12.fr\/wp-content\/uploads\/2023\/08\/logo-GPLR-1-2-300x300.jpg 300w, https:\/\/www.gplr-12.fr\/wp-content\/uploads\/2023\/08\/logo-GPLR-1-2-150x150.jpg 150w\" sizes=\"auto, (max-width: 326px) 100vw, 326px\" \/><\/figure><div class=\"wp-block-media-text__content\">\n\n<p class=\"has-pale-cyan-blue-background-color has-background\"><strong>Der Groupement philat\u00e9lique r\u00e9gional Languedoc-Roussillon ist ein Zusammenschluss der Philatelistenvereine (Mitglieder der F.F.A.P. &#8211; F\u00e9d\u00e9ration Fran\u00e7aise des Associations Philat\u00e9liques) aus dem Languedoc Roussillon.<\/strong><\/p>\n\n\n<p>Erfahren Sie mehr \u00fcber seine Geschichte und die Zusammensetzung des Vorstands seit 2007<\/p>\n\n<\/div><\/div>\n","protected":false},"excerpt":{"rendered":"<p>Der Groupement philat\u00e9lique r\u00e9gional Languedoc-Roussillon ist ein Zusammenschluss der Philatelistenvereine (Mitglieder der F.F.A.P. &#8211; F\u00e9d\u00e9ration Fran\u00e7aise des Associations Philat\u00e9liques) aus dem Languedoc Roussillon. Erfahren Sie [&#8230;]<\/p>\n","protected":false},"author":1,"featured_media":0,"parent":0,"menu_order":0,"comment_status":"closed","ping_status":"closed","template":"","meta":{"_acf_changed":false,"_themeisle_gutenberg_block_has_review":false,"footnotes":""},"class_list":["post-716","page","type-page","status-publish","hentry"],"acf":[],"_links":{"self":[{"href":"https:\/\/www.gplr-12.fr\/index.php\/wp-json\/wp\/v2\/pages\/716","targetHints":{"allow":["GET"]}}],"collection":[{"href":"https:\/\/www.gplr-12.fr\/index.php\/wp-json\/wp\/v2\/pages"}],"about":[{"href":"https:\/\/www.gplr-12.fr\/index.php\/wp-json\/wp\/v2\/types\/page"}],"author":[{"embeddable":true,"href":"https:\/\/www.gplr-12.fr\/index.php\/wp-json\/wp\/v2\/users\/1"}],"replies":[{"embeddable":true,"href":"https:\/\/www.gplr-12.fr\/index.php\/wp-json\/wp\/v2\/comments?post=716"}],"version-history":[{"count":3,"href":"https:\/\/www.gplr-12.fr\/index.php\/wp-json\/wp\/v2\/pages\/716\/revisions"}],"predecessor-version":[{"id":720,"href":"https:\/\/www.gplr-12.fr\/index.php\/wp-json\/wp\/v2\/pages\/716\/revisions\/720"}],"wp:attachment":[{"href":"https:\/\/www.gplr-12.fr\/index.php\/wp-json\/wp\/v2\/media?parent=716"}],"curies":[{"name":"wp","href":"https:\/\/api.w.org\/{rel}","templated":true}]}}