{"id":40,"date":"2023-08-03T11:47:12","date_gmt":"2023-08-03T09:47:12","guid":{"rendered":"https:\/\/www.philagplr12.fr\/?page_id=40"},"modified":"2023-08-03T11:47:12","modified_gmt":"2023-08-03T09:47:12","slug":"le-groupement","status":"publish","type":"page","link":"https:\/\/www.gplr-12.fr\/index.php\/le-groupement\/","title":{"rendered":"Le groupement"},"content":{"rendered":"\n<div class=\"wp-block-media-text alignwide is-stacked-on-mobile\" style=\"grid-template-columns:32% auto\"><figure class=\"wp-block-media-text__media\"><img loading=\"lazy\" decoding=\"async\" width=\"326\" height=\"326\" src=\"https:\/\/www.sumi0061.odns.fr\/wp-content\/uploads\/2023\/08\/logo-GPLR-1.jpg\" alt=\"\" class=\"wp-image-41 size-full\" srcset=\"https:\/\/www.gplr-12.fr\/wp-content\/uploads\/2023\/08\/logo-GPLR-1.jpg 326w, https:\/\/www.gplr-12.fr\/wp-content\/uploads\/2023\/08\/logo-GPLR-1-300x300.jpg 300w, https:\/\/www.gplr-12.fr\/wp-content\/uploads\/2023\/08\/logo-GPLR-1-150x150.jpg 150w\" sizes=\"auto, (max-width: 326px) 100vw, 326px\" \/><\/figure><div class=\"wp-block-media-text__content\">\n<p class=\"has-pale-cyan-blue-background-color has-background\"><strong>Le Groupement philat\u00e9lique r\u00e9gional Languedoc-Roussillon regroupe les associations philat\u00e9liques (membres de la F.F.A.P. \u2013 F\u00e9d\u00e9ration Fran\u00e7aise des Associations Philat\u00e9liques) du Languedoc Roussillon.<\/strong><\/p>\n\n\n\n<p>D\u00e9couvrez son historique, la composition du bureau depuis 2007<\/p>\n<\/div><\/div>\n\n\n\n<p><\/p>\n","protected":false},"excerpt":{"rendered":"<p>Le Groupement philat\u00e9lique r\u00e9gional Languedoc-Roussillon regroupe les associations philat\u00e9liques (membres de la F.F.A.P. \u2013 F\u00e9d\u00e9ration Fran\u00e7aise des Associations Philat\u00e9liques) du Languedoc Roussillon. D\u00e9couvrez son historique, [&#8230;]<\/p>\n","protected":false},"author":1,"featured_media":0,"parent":0,"menu_order":0,"comment_status":"closed","ping_status":"closed","template":"","meta":{"_acf_changed":false,"_themeisle_gutenberg_block_has_review":false,"footnotes":""},"class_list":["post-40","page","type-page","status-publish","hentry"],"acf":[],"_links":{"self":[{"href":"https:\/\/www.gplr-12.fr\/index.php\/wp-json\/wp\/v2\/pages\/40","targetHints":{"allow":["GET"]}}],"collection":[{"href":"https:\/\/www.gplr-12.fr\/index.php\/wp-json\/wp\/v2\/pages"}],"about":[{"href":"https:\/\/www.gplr-12.fr\/index.php\/wp-json\/wp\/v2\/types\/page"}],"author":[{"embeddable":true,"href":"https:\/\/www.gplr-12.fr\/index.php\/wp-json\/wp\/v2\/users\/1"}],"replies":[{"embeddable":true,"href":"https:\/\/www.gplr-12.fr\/index.php\/wp-json\/wp\/v2\/comments?post=40"}],"version-history":[{"count":1,"href":"https:\/\/www.gplr-12.fr\/index.php\/wp-json\/wp\/v2\/pages\/40\/revisions"}],"predecessor-version":[{"id":42,"href":"https:\/\/www.gplr-12.fr\/index.php\/wp-json\/wp\/v2\/pages\/40\/revisions\/42"}],"wp:attachment":[{"href":"https:\/\/www.gplr-12.fr\/index.php\/wp-json\/wp\/v2\/media?parent=40"}],"curies":[{"name":"wp","href":"https:\/\/api.w.org\/{rel}","templated":true}]}}